{"id":23,"date":"2026-01-17T14:45:42","date_gmt":"2026-01-17T14:45:42","guid":{"rendered":"https:\/\/40sortileges.com\/?page_id=23"},"modified":"2026-01-21T17:33:06","modified_gmt":"2026-01-21T17:33:06","slug":"lautrice","status":"publish","type":"page","link":"https:\/\/40sortileges.com\/index.php\/lautrice\/","title":{"rendered":"L&rsquo;autrice"},"content":{"rendered":"\n<p class=\"has-text-align-center\"><em>J\u2019\u00e9cris des histoires o\u00f9 la mort, l\u2019au-del\u00e0 et l\u2019Imaginaire se rencontrent.<\/em><\/p>\n\n\n\n<p>Autrice de SFFF et jamais vraiment \u00e0 l\u2019aise dans la vie r\u00e9elle, mes plus grandes aventures se d\u00e9roulent dans ma t\u00eate et ma plume me sert \u00e0 voyager vers l\u2019infini et au-del\u00e0. J&rsquo;ai d\u00e9but\u00e9 avec des histoires de vampires puis de zombies, avant de me sp\u00e9cialiser dans le mouvement Death Positive. Le deuil, la mort et les Enfers sont les th\u00e8mes centraux de mes romans.<\/p>\n\n\n\n<p>Biblioth\u00e9caire souvent d\u00e9guis\u00e9e, je partage mon quotidien entre les livres, l\u2019\u00e9criture et mes animaux ador\u00e9s, tout en essayant de partager mes d\u00e9boires de quarantenaire.<\/p>\n\n\n\n<h2 class=\"wp-block-heading\">Bibliographie<\/h2>\n\n\n\n<p><strong>Romans chez Rebelle Editions :<\/strong><br>\u00ab\u00a0La Vague\u00a0\u00bb, 2024 : une dystopie o\u00f9 la Mort a \u00e9t\u00e9 officiellement \u00e9radiqu\u00e9e. Mais Elysie va d\u00e9couvrir la dure r\u00e9alit\u00e9&#8230; \/ <a href=\"https:\/\/www.rebelleeditions.com\/product-page\/la-vague\">L&rsquo;acheter ici.<\/a><br>\u00ab\u00a0Zombitions\u00a0\u00bb Int\u00e9grale, 2025 : Evangeline est une tueuse de zombies. Enceinte jusqu&rsquo;aux dents, elle va devoir emp\u00eacher l&rsquo;Apocalypse. \/ <a href=\"https:\/\/www.rebelleeditions.com\/product-page\/zombitions\">L&rsquo;acheter ici<\/a>.<br>\u00ab\u00a0A la d\u00e9rive\u00a0\u00bb, 2026 : alors qu&rsquo;elle s&rsquo;appr\u00eate \u00e0 rencontrer son auteur favori, Emma devient malgr\u00e9 elle l&rsquo;h\u00e9ro\u00efne d&rsquo;un roadtrip pour \u00e9chapper \u00e0 des zombies.<\/p>\n\n\n\n<p><strong>Nouvelles chez 1115 :<\/strong><br>\u00ab\u00a0L&rsquo;Homme Chocolat\u00a0\u00bb, 2019<br>\u00ab\u00a0L&rsquo;Arbre d&rsquo;Imagination\u00a0\u00bb, 2020<br>\u00ab\u00a0La Facult\u00e9 des Id\u00e9es Noires\u00a0\u00bb, collectif, 2021<br>\u00ab\u00a0Enfer et Dentition\u00a0\u00bb, 2025<\/p>\n\n\n\n<p class=\"has-text-align-center\"><em>Pour suivre mes actualit\u00e9s, mes rencontres ou mes nouveaux projets, rendez-vous sur le blog ou sur ma page Instagram !<\/em><\/p>\n","protected":false},"excerpt":{"rendered":"<p>J\u2019\u00e9cris des histoires o\u00f9 la mort, l\u2019au-del\u00e0 et l\u2019Imaginaire se rencontrent. Autrice de SFFF et jamais vraiment \u00e0 l\u2019aise dans [&hellip;]<\/p>\n","protected":false},"author":1,"featured_media":0,"parent":0,"menu_order":0,"comment_status":"closed","ping_status":"closed","template":"","meta":{"site-sidebar-layout":"default","site-content-layout":"","ast-site-content-layout":"default","site-content-style":"default","site-sidebar-style":"default","ast-global-header-display":"","ast-banner-title-visibility":"","ast-main-header-display":"","ast-hfb-above-header-display":"","ast-hfb-below-header-display":"","ast-hfb-mobile-header-display":"","site-post-title":"","ast-breadcrumbs-content":"","ast-featured-img":"","footer-sml-layout":"","ast-disable-related-posts":"","theme-transparent-header-meta":"","adv-header-id-meta":"","stick-header-meta":"","header-above-stick-meta":"","header-main-stick-meta":"","header-below-stick-meta":"","astra-migrate-meta-layouts":"default","ast-page-background-enabled":"default","ast-page-background-meta":{"desktop":{"background-color":"var(--ast-global-color-5)","background-image":"","background-repeat":"repeat","background-position":"center center","background-size":"auto","background-attachment":"scroll","background-type":"","background-media":"","overlay-type":"","overlay-color":"","overlay-opacity":"","overlay-gradient":""},"tablet":{"background-color":"","background-image":"","background-repeat":"repeat","background-position":"center center","background-size":"auto","background-attachment":"scroll","background-type":"","background-media":"","overlay-type":"","overlay-color":"","overlay-opacity":"","overlay-gradient":""},"mobile":{"background-color":"","background-image":"","background-repeat":"repeat","background-position":"center center","background-size":"auto","background-attachment":"scroll","background-type":"","background-media":"","overlay-type":"","overlay-color":"","overlay-opacity":"","overlay-gradient":""}},"ast-content-background-meta":{"desktop":{"background-color":"var(--ast-global-color-4)","background-image":"","background-repeat":"repeat","background-position":"center center","background-size":"auto","background-attachment":"scroll","background-type":"","background-media":"","overlay-type":"","overlay-color":"","overlay-opacity":"","overlay-gradient":""},"tablet":{"background-color":"var(--ast-global-color-4)","background-image":"","background-repeat":"repeat","background-position":"center center","background-size":"auto","background-attachment":"scroll","background-type":"","background-media":"","overlay-type":"","overlay-color":"","overlay-opacity":"","overlay-gradient":""},"mobile":{"background-color":"var(--ast-global-color-4)","background-image":"","background-repeat":"repeat","background-position":"center center","background-size":"auto","background-attachment":"scroll","background-type":"","background-media":"","overlay-type":"","overlay-color":"","overlay-opacity":"","overlay-gradient":""}},"_kadence_starter_templates_imported_post":false,"iawp_total_views":5,"footnotes":""},"class_list":["post-23","page","type-page","status-publish","hentry"],"_links":{"self":[{"href":"https:\/\/40sortileges.com\/index.php\/wp-json\/wp\/v2\/pages\/23","targetHints":{"allow":["GET"]}}],"collection":[{"href":"https:\/\/40sortileges.com\/index.php\/wp-json\/wp\/v2\/pages"}],"about":[{"href":"https:\/\/40sortileges.com\/index.php\/wp-json\/wp\/v2\/types\/page"}],"author":[{"embeddable":true,"href":"https:\/\/40sortileges.com\/index.php\/wp-json\/wp\/v2\/users\/1"}],"replies":[{"embeddable":true,"href":"https:\/\/40sortileges.com\/index.php\/wp-json\/wp\/v2\/comments?post=23"}],"version-history":[{"count":7,"href":"https:\/\/40sortileges.com\/index.php\/wp-json\/wp\/v2\/pages\/23\/revisions"}],"predecessor-version":[{"id":52,"href":"https:\/\/40sortileges.com\/index.php\/wp-json\/wp\/v2\/pages\/23\/revisions\/52"}],"wp:attachment":[{"href":"https:\/\/40sortileges.com\/index.php\/wp-json\/wp\/v2\/media?parent=23"}],"curies":[{"name":"wp","href":"https:\/\/api.w.org\/{rel}","templated":true}]}}