{"id":2,"date":"2026-01-14T12:45:31","date_gmt":"2026-01-14T12:45:31","guid":{"rendered":"http:\/\/40sortileges.com\/?page_id=2"},"modified":"2026-01-18T16:27:20","modified_gmt":"2026-01-18T16:27:20","slug":"sample-page","status":"publish","type":"page","link":"https:\/\/40sortileges.com\/","title":{"rendered":"Bienvenue !"},"content":{"rendered":"\n<figure class=\"wp-block-image aligncenter size-full\"><img loading=\"lazy\" decoding=\"async\" width=\"547\" height=\"550\" src=\"https:\/\/40sortileges.com\/wp-content\/uploads\/2026\/01\/Screenshot-2026-01-12-21.10.42.png\" alt=\"\" class=\"wp-image-11\" srcset=\"https:\/\/40sortileges.com\/wp-content\/uploads\/2026\/01\/Screenshot-2026-01-12-21.10.42.png 547w, https:\/\/40sortileges.com\/wp-content\/uploads\/2026\/01\/Screenshot-2026-01-12-21.10.42-298x300.png 298w, https:\/\/40sortileges.com\/wp-content\/uploads\/2026\/01\/Screenshot-2026-01-12-21.10.42-150x150.png 150w\" sizes=\"auto, (max-width: 547px) 100vw, 547px\" \/><\/figure>\n\n\n\n<p><strong>Autrice de romans de SFFF<\/strong>, j\u2019ai cr\u00e9\u00e9 cet espace pour partager \u00e0 la fois mon travail d\u2019\u00e9criture et mon quotidien de quarantenaire.<\/p>\n\n\n\n<p>Vous trouverez ici :<br>\u2013 mes livres et mon univers d\u2019autrice<br>\u2013 des textes autour de l\u2019\u00e9criture, de la lecture et du quotidien<\/p>\n\n\n\n<p>\ud83d\udc49 Pour d\u00e9couvrir mes romans : <strong>page Autrice<\/strong><br>\ud83d\udc49 Pour lire le blog : <strong>page Blog<\/strong><\/p>\n\n\n\n<p>Et si vous voulez m&rsquo;envoyer un message, ce sera par l\u00e0 : aurelie8mendonca(a)gmail.com<\/p>\n","protected":false},"excerpt":{"rendered":"<p>Autrice de romans de SFFF, j\u2019ai cr\u00e9\u00e9 cet espace pour partager \u00e0 la fois mon travail d\u2019\u00e9criture et mon quotidien [&hellip;]<\/p>\n","protected":false},"author":1,"featured_media":0,"parent":0,"menu_order":0,"comment_status":"closed","ping_status":"open","template":"","meta":{"site-sidebar-layout":"default","site-content-layout":"","ast-site-content-layout":"default","site-content-style":"default","site-sidebar-style":"default","ast-global-header-display":"","ast-banner-title-visibility":"","ast-main-header-display":"","ast-hfb-above-header-display":"","ast-hfb-below-header-display":"","ast-hfb-mobile-header-display":"","site-post-title":"","ast-breadcrumbs-content":"","ast-featured-img":"","footer-sml-layout":"","ast-disable-related-posts":"","theme-transparent-header-meta":"","adv-header-id-meta":"","stick-header-meta":"","header-above-stick-meta":"","header-main-stick-meta":"","header-below-stick-meta":"","astra-migrate-meta-layouts":"default","ast-page-background-enabled":"default","ast-page-background-meta":{"desktop":{"background-color":"var(--ast-global-color-5)","background-image":"","background-repeat":"repeat","background-position":"center center","background-size":"auto","background-attachment":"scroll","background-type":"","background-media":"","overlay-type":"","overlay-color":"","overlay-opacity":"","overlay-gradient":""},"tablet":{"background-color":"","background-image":"","background-repeat":"repeat","background-position":"center center","background-size":"auto","background-attachment":"scroll","background-type":"","background-media":"","overlay-type":"","overlay-color":"","overlay-opacity":"","overlay-gradient":""},"mobile":{"background-color":"","background-image":"","background-repeat":"repeat","background-position":"center center","background-size":"auto","background-attachment":"scroll","background-type":"","background-media":"","overlay-type":"","overlay-color":"","overlay-opacity":"","overlay-gradient":""}},"ast-content-background-meta":{"desktop":{"background-color":"var(--ast-global-color-4)","background-image":"","background-repeat":"repeat","background-position":"center center","background-size":"auto","background-attachment":"scroll","background-type":"","background-media":"","overlay-type":"","overlay-color":"","overlay-opacity":"","overlay-gradient":""},"tablet":{"background-color":"var(--ast-global-color-4)","background-image":"","background-repeat":"repeat","background-position":"center center","background-size":"auto","background-attachment":"scroll","background-type":"","background-media":"","overlay-type":"","overlay-color":"","overlay-opacity":"","overlay-gradient":""},"mobile":{"background-color":"var(--ast-global-color-4)","background-image":"","background-repeat":"repeat","background-position":"center center","background-size":"auto","background-attachment":"scroll","background-type":"","background-media":"","overlay-type":"","overlay-color":"","overlay-opacity":"","overlay-gradient":""}},"_kadence_starter_templates_imported_post":false,"iawp_total_views":81,"footnotes":""},"class_list":["post-2","page","type-page","status-publish","hentry"],"_links":{"self":[{"href":"https:\/\/40sortileges.com\/index.php\/wp-json\/wp\/v2\/pages\/2","targetHints":{"allow":["GET"]}}],"collection":[{"href":"https:\/\/40sortileges.com\/index.php\/wp-json\/wp\/v2\/pages"}],"about":[{"href":"https:\/\/40sortileges.com\/index.php\/wp-json\/wp\/v2\/types\/page"}],"author":[{"embeddable":true,"href":"https:\/\/40sortileges.com\/index.php\/wp-json\/wp\/v2\/users\/1"}],"replies":[{"embeddable":true,"href":"https:\/\/40sortileges.com\/index.php\/wp-json\/wp\/v2\/comments?post=2"}],"version-history":[{"count":3,"href":"https:\/\/40sortileges.com\/index.php\/wp-json\/wp\/v2\/pages\/2\/revisions"}],"predecessor-version":[{"id":48,"href":"https:\/\/40sortileges.com\/index.php\/wp-json\/wp\/v2\/pages\/2\/revisions\/48"}],"wp:attachment":[{"href":"https:\/\/40sortileges.com\/index.php\/wp-json\/wp\/v2\/media?parent=2"}],"curies":[{"name":"wp","href":"https:\/\/api.w.org\/{rel}","templated":true}]}}